{"id":1646,"date":"2023-01-17T09:19:16","date_gmt":"2023-01-17T08:19:16","guid":{"rendered":"https:\/\/www.kehillot.eu\/?page_id=1646"},"modified":"2023-04-26T08:54:39","modified_gmt":"2023-04-26T06:54:39","slug":"programme","status":"publish","type":"page","link":"https:\/\/www.kehillot.eu\/index.php\/programme\/","title":{"rendered":"Conference Programme"},"content":{"rendered":"\n<p><a href=\"https:\/\/www.kehillot.eu\/wp-content\/uploads\/2023\/04\/Kehillot-programme.pdf\" data-type=\"attachment\" data-id=\"1739\">Download PDF version<\/a><\/p>\n\n\n<style>.kt-tabs-id_0ffb70-02 > .kt-tabs-content-wrap > .wp-block-kadence-tab{border-top:3px solid var(--global-palette1, #3182CE);border-right:0px solid var(--global-palette1, #3182CE);border-bottom:0px solid var(--global-palette1, #3182CE);border-left:0px solid var(--global-palette1, #3182CE);border-top-left-radius:0px;border-top-right-radius:0px;border-bottom-right-radius:0px;border-bottom-left-radius:0px;padding-top:var(--global-kb-spacing-sm, 1.5rem);padding-right:var(--global-kb-spacing-sm, 1.5rem);padding-bottom:var(--global-kb-spacing-sm, 1.5rem);padding-left:var(--global-kb-spacing-sm, 1.5rem);background:var(--global-palette9, #ffffff);}.wp-block-kadence-tabs .kt-tabs-id_0ffb70-02 > .kt-tabs-title-list li{margin-top:0px;margin-right:8px;margin-bottom:0px;margin-left:0px;}.wp-block-kadence-tabs .kt-tabs-id_0ffb70-02 > .kt-tabs-title-list li .kt-tab-title, .wp-block-kadence-tabs .kt-tabs-id_0ffb70-02 > .kt-tabs-content-wrap > .kt-tabs-accordion-title .kt-tab-title{font-size:1.1em;line-height:1.4em;font-weight:regular;font-style:normal;border-top-width:0px;border-right-width:0px;border-bottom-width:0px;border-left-width:0px;border-top-left-radius:4px;border-top-right-radius:4px;border-bottom-right-radius:0px;border-bottom-left-radius:0px;padding-top:8px;padding-right:20px;padding-bottom:8px;padding-left:20px;border-color:var(--global-palette7, #eeeeee);color:var(--global-palette4, #2D3748);background:var(--global-palette7, #eeeeee);}.wp-block-kadence-tabs .kt-tabs-id_0ffb70-02 > .kt-tabs-title-list li .kt-tab-title:hover, .wp-block-kadence-tabs .kt-tabs-id_0ffb70-02 > .kt-tabs-content-wrap > .kt-tabs-accordion-title .kt-tab-title:hover{border-color:var(--global-palette7, #eeeeee);color:var(--global-palette3, #1A202C);background:var(--global-palette8, #F7FAFC);}.wp-block-kadence-tabs .kt-tabs-id_0ffb70-02 > .kt-tabs-title-list li.kt-tab-title-active .kt-tab-title, .wp-block-kadence-tabs .kt-tabs-id_0ffb70-02 > .kt-tabs-content-wrap > .kt-tabs-accordion-title.kt-tab-title-active .kt-tab-title{border-color:var(--global-palette7, #eeeeee);color:#ffffff;background:var(--global-palette1, #3182CE);}@media all and (max-width: 1024px){.kt-tabs-id_0ffb70-02 > .kt-tabs-content-wrap > .wp-block-kadence-tab{border-top:3px solid var(--global-palette1, #3182CE);border-right:0px solid var(--global-palette1, #3182CE);border-bottom:0px solid var(--global-palette1, #3182CE);border-left:0px solid var(--global-palette1, #3182CE);}}@media all and (max-width: 767px){.kt-tabs-id_0ffb70-02 > .kt-tabs-content-wrap > .wp-block-kadence-tab{border-top:3px solid var(--global-palette1, #3182CE);border-right:0px solid var(--global-palette1, #3182CE);border-bottom:0px solid var(--global-palette1, #3182CE);border-left:0px solid var(--global-palette1, #3182CE);}}<\/style>\n<div class=\"wp-block-kadence-tabs alignnone\"><div class=\"kt-tabs-wrap kt-tabs-id_0ffb70-02 kt-tabs-has-3-tabs kt-active-tab-1 kt-tabs-layout-tabs kt-tabs-tablet-layout-inherit kt-tabs-mobile-layout-inherit kt-tab-alignment-left \"><ul class=\"kt-tabs-title-list\"><li id=\"tab-venue\" class=\"kt-title-item kt-title-item-1 kt-tabs-svg-show-always kt-tabs-icon-side-right kt-tab-title-active\"><a href=\"#tab-venue\" data-tab=\"1\" class=\"kt-tab-title kt-tab-title-1 \"><span class=\"kt-title-text\">Venue<\/span><\/a><\/li><li id=\"tab-wednesday24may2023\" class=\"kt-title-item kt-title-item-2 kt-tabs-svg-show-always kt-tabs-icon-side-right kt-tab-title-inactive\"><a href=\"#tab-wednesday24may2023\" data-tab=\"2\" class=\"kt-tab-title kt-tab-title-2 \"><span class=\"kt-title-text\">Wednesday, 24 May 2023<\/span><\/a><\/li><li id=\"tab-thursday25may2023\" class=\"kt-title-item kt-title-item-3 kt-tabs-svg-show-always kt-tabs-icon-side-right kt-tab-title-inactive\"><a href=\"#tab-thursday25may2023\" data-tab=\"3\" class=\"kt-tab-title kt-tab-title-3 \"><span class=\"kt-title-text\">Thursday, 25 May 2023<\/span><\/a><\/li><\/ul><div class=\"kt-tabs-content-wrap\">\n<div class=\"wp-block-kadence-tab kt-tab-inner-content kt-inner-tab-1 kt-inner-tab_3d50d5-18\"><div class=\"kt-tab-inner-content-inner\">\n<p>The conference will take place on 24 and 25 May 2023 in the Konvikt building (Olomouc, Univerzitn\u00ed 225) in the <a href=\"https:\/\/uc.upol.cz\/en\/venues\/auditorium-maximum\/#\" data-type=\"URL\" data-id=\"https:\/\/uc.upol.cz\/en\/venues\/auditorium-maximum\/#\">Auditorium Maximum<\/a>.<\/p>\n\n\n\n<p>The nearest tram stop is N\u00e1m\u011bst\u00ed Republiky (N\u00e1m. Republiky) with lines 2, 3, 4 and 6. All of them go from the main station (Hlavn\u00ed n\u00e1dra\u017e\u00ed).<\/p>\n\n\n\n<p><div class=\"leaflet-map WPLeafletMap\" style=\"height:400px; width:100%;\"><\/div><script>\nwindow.WPLeafletMapPlugin = window.WPLeafletMapPlugin || [];\nwindow.WPLeafletMapPlugin.push(function WPLeafletMapShortcode() {\/*<script>*\/\nvar baseUrl = atob('aHR0cHM6Ly97c30udGlsZS5vcGVuc3RyZWV0bWFwLm9yZy97en0ve3h9L3t5fS5wbmc=');\nvar base = (!baseUrl && window.MQ) ?\n    window.MQ.mapLayer() : L.tileLayer(baseUrl,\n        L.Util.extend({}, {\n            detectRetina: 0,\n        },\n        {\"subdomains\":\"abc\",\"noWrap\":false,\"maxZoom\":18}        )\n    );\n    var options = L.Util.extend({}, {\n        layers: [base],\n        attributionControl: false\n    },\n    {\"zoomControl\":true,\"scrollWheelZoom\":true,\"doubleClickZoom\":false,\"fitBounds\":true,\"minZoom\":0,\"maxZoom\":18,\"maxBounds\":null,\"attribution\":\"<a href=\\\"http:\\\/\\\/leafletjs.com\\\" title=\\\"A JS library for interactive maps\\\">Leaflet<\\\/a>; \\u00a9 <a href=\\\"http:\\\/\\\/www.openstreetmap.org\\\/copyright\\\">OpenStreetMap<\\\/a> contributors\"},\n    {});\nwindow.WPLeafletMapPlugin.createMap(options).setView([44.67,-63.61],5);});<\/script> <script>\nwindow.WPLeafletMapPlugin = window.WPLeafletMapPlugin || [];\nwindow.WPLeafletMapPlugin.push(function WPLeafletMarkerShortcode() {\/*<script>*\/\nvar map = window.WPLeafletMapPlugin.getCurrentMap();\nvar group = window.WPLeafletMapPlugin.getCurrentGroup();\nvar marker_options = window.WPLeafletMapPlugin.getIconOptions({});\nvar marker = L.marker(\n    [49.5947557,17.2552925],\n    marker_options\n);\nvar is_image = map.is_image_map;\nif (marker_options.draggable) {\n    marker.on('dragend', function () {\n        var latlng = this.getLatLng();\n        var lat = latlng.lat;\n        var lng = latlng.lng;\n        if (is_image) {\n            console.log('leaflet-marker y=' + lat + ' x=' + lng);\n        } else {\n            console.log('leaflet-marker lat=' + lat + ' lng=' + lng);\n        }\n    });\n}\nmarker.addTo( group );\nmarker.bindPopup(window.WPLeafletMapPlugin.unescape('Conference Venue: Univerzitn\u00ed 225, &lt;a href=\\&quot;https:\/\/uc.upol.cz\/en\/venues\/auditorium-maximum\/\\&quot; data-type=\\&quot;URL\\&quot; data-id=\\&quot;https:\/\/uc.upol.cz\/prostory\/auditorium-maximum\/\\&quot; target=\\&quot;_blank\\&quot; rel=\\&quot;noreferrer noopener\\&quot;&gt;Auditorium maximum&lt;\/a&gt;'));window.WPLeafletMapPlugin.markers.push( marker );\n        });<\/script> <\/p>\n<\/div><\/div>\n\n\n\n<div class=\"wp-block-kadence-tab kt-tab-inner-content kt-inner-tab-2 kt-inner-tab_dab6df-eb\"><div class=\"kt-tab-inner-content-inner\">\n<p class=\"has-md-font-size\">8:00\u20139:30 Conference opening<\/p>\n\n\n\n<p class=\"has-small-font-size\"><em>8:00\u20139:00 Registration<\/em><\/p>\n\n\n\n<p class=\"has-small-font-size\"><em>9:00\u20139:30 Conference opening<\/em><\/p>\n\n\n\n<p class=\"has-md-font-size\">9:30\u201310:30<strong> Chronological Transformations of Jewish Communities (I)<\/strong><\/p>\n\n\n\n<p class=\"has-theme-palette-8-background-color has-background has-small-font-size\"><strong><strong>Unofficial Jewish Communities in Vienna and their Leadership before 1848<\/strong><\/strong><br><strong>Mag. Dr. Friederike Ruth Winkler <\/strong>| Kirchliche P\u00e4dagogische Hochschule Wien\/Krems, Institut J\u00fcdische Religion<br><br>This paper will compare the conditions under which the Sefardic and the Ashkenazic community in early 19th century Vienna existed although they were not meant to exist officially. Both were not allowed to form an official community, but of course both had de facto Rabbis and other leading personalities.<\/p>\n\n\n\n<p class=\"has-theme-palette-8-background-color has-background has-small-font-size\"><strong>Attempts to Manage a Crisis: Bohemian Jewish Community, the Revolution, and the State, 1848-1851<\/strong><br><strong>Prof. Jindrich Toman <\/strong>| University of Michigan, USA<br><br>The paper addresses activities of Jewish organizations in Bohemia between 1848 and 1851, highlighting the work of the \u201cCommittee for the Representation of Jewish Interests\u201d and the role of the so-called Jewish \u201cNotables,\u201d an advisory body that was asked by the state to work out statues of Bohemian Jewish communities.<\/p>\n\n\n\n<p class=\"has-md-font-size\">10:30\u201311:00 Coffee break<\/p>\n\n\n\n<p class=\"has-md-font-size\">11:00\u201312:00 <strong>Chronological Transformations of Jewish Communities (II)<\/strong><\/p>\n\n\n\n<p class=\"has-theme-palette-8-background-color has-background has-small-font-size\"><strong><strong><strong>Limits of Autonomy. Jewish Communities and School Authorities in post 1867 Galicia<\/strong><\/strong><\/strong><br><strong>Dr. Alicja Ma\u015blak-Maciejewska<\/strong> | Jagiellonian University, Krak\u00f3w<br><br>The paper is devoted to the control of the Jewish communities over religious instruction of Jewish Youth in public schools in post 1867 Galicia. Supervising and providing such instruction was one of important prerogratives of communities, in some aspects shared with the school authorities. The paper will analyze this relationship.<\/p>\n\n\n\n<p class=\"has-theme-palette-8-background-color has-background has-small-font-size\"><strong>Autonomy of Jews in the era of the Second Polish Republic<\/strong><br><strong>Dr. Pawe\u0142 Fiktus<\/strong> | University of Law, Poland<br><br>The subject of the paper will be a discussion of the autonomy of Jews in Poland in the Second Republic of Poland. After World War I, Jews constituted one of the largest ethnic groups in Poland. The question then arose as to what scope of freedom they should be entitled to. They had a great deal of freedom in religious matters. It was guaranteed on the basis of the Regulation of the President of the Human Rights Defender (having the force of law) and regulations. Along with religious freedom came administrative freedom.<\/p>\n\n\n\n<p>12:00\u201313:30 Lunch break<\/p>\n\n\n\n<p>13:30\u201314:30 <strong>Cultural and Ethnic Diversity of Jewish Communities (I)<\/strong><\/p>\n\n\n\n<p class=\"has-theme-palette-8-background-color has-background has-small-font-size\"><strong><strong><strong>Jewish Communities through the Lens of a Museum Collection<\/strong><\/strong><\/strong><br><strong><strong>PhDr. Lenka Uli\u010dn\u00e1, Ph.D.<\/strong> <\/strong>| Palacky University, Kurt and Ursula Schubert Centre for Jewish Studies; Jewish Museum in Prague<br><br>The paper will offer a methodological overview and examples of how the museum collection can be used for research of Jewish communities.<\/p>\n\n\n\n<p class=\"has-theme-palette-8-background-color has-background has-small-font-size\"><strong><strong><strong>Communities of Readership: the New Republic of Letters of Italian Maskilim<\/strong><\/strong><\/strong><br><strong>Prof. Asher Salah <\/strong>| Bezalel Academy of Arts and Hebrew Univeristy of Jerusalem<br><br>This research aims at establishing the real and imagined borders of the community of readership as they emerge in the transcultural transfers of texts and ideas in the works of five Italian Maskilim at the turn of the 18th century.<\/p>\n\n\n\n<p>14:30\u201315:00 <strong>Federations of Jewish Communities<\/strong><\/p>\n\n\n\n<p class=\"has-theme-palette-8-background-color has-background has-small-font-size\"><strong><strong>Efforts towards the Creation of Unions of Jewish Religious Communities in Cisleithania and Czechoslovakia<\/strong><\/strong><br><strong>Mgr. Daniel Bar\u00e1nek, Ph.D.<\/strong> | Institute of History, Czech Academy of Sciences<br><br>The paper focuses on effort of Jewish communities to create provincial or statewide unions (federations). The Cisleithanian Act from 1890 recognised the autonomy of Jewish religious communities. It also recognised the already existing provincial Jewish organisations (e.g. Moravian Provincial Rabbinate), however it did not allow to create new supra-communal organizations. Hence, the Cisleithanian communities in several provinces created such an union illegaly, which were legalized only after the collapse of the Habsburg monarchy.<\/p>\n\n\n\n<p>15:00\u201315:30 Coffee break<\/p>\n\n\n\n<p>15:30\u201316:00 <strong>Jewish History Research<\/strong><\/p>\n\n\n\n<p class=\"has-theme-palette-8-background-color has-background has-small-font-size\"><strong><strong><strong>History of the Jewish Community of Olomouc in an App and in a Specialized Map.<\/strong><\/strong><\/strong><br><strong><strong><strong>Linking History with Space and Modern Technologies as a Communication Tool for Contemporary Science<\/strong><\/strong><\/strong><br><strong><strong>Mgr. Ivana Cahov\u00e1 Ph.D.<\/strong><\/strong> | <strong>Palack\u00fd University in Olomouc, Kurt and Ursula Schubert Center for Jewish Studies, Czechia<\/strong><br><br>The paper will focus on the role of advanced modern technologies in the humanities, with an emphasis on research and the subsequent effective communication of the results of scholarly research on the regionally focused history of Jews in Moravia to the general public, both in the field of education and in the public sphere.<\/p>\n\n\n\n<p>16:00\u201318:00 <strong>Guided City Walk<\/strong><\/p>\n\n\n\n<p>18:30 Joint dinner <\/p>\n<\/div><\/div>\n\n\n\n<div class=\"wp-block-kadence-tab kt-tab-inner-content kt-inner-tab-3 kt-inner-tab_2e90ac-39\"><div class=\"kt-tab-inner-content-inner\">\n<p>9:00\u201310:30 <strong>Jewish Communal Institutions<\/strong><\/p>\n\n\n\n<p class=\"has-theme-palette-8-background-color has-background has-small-font-size\"><strong><strong><strong>Rabbi Baruch Placzek and his Community \u2013 the History of an Alienation<\/strong><\/strong><\/strong><br><strong>Dr. Monika Halbinger<\/strong> | Freelance historian, Germany<br><br>The lecture will examine the relationship between Baruch Placzek, the last Moravian Chief Rabbi, and the Brno Jewish community, which he headed from 1960. Although the sources are thin, certain statements can be made regarding the dynamic between rabbi and community, with reference to the year 1866 in particular.<\/p>\n\n\n\n<p class=\"has-theme-palette-8-background-color has-background has-small-font-size\"><strong><strong><strong>Kosher on Wheels. Aspects of \u201cMobile Kashrut\u201d in the Habsburg Monarchy<\/strong><\/strong><\/strong><br><strong>Dr. Christoph Lind<\/strong> | Institute for Jewish History in Austria<br><br>The technical progress of the 19th century made not only people, but also kosher food mobile. Everything that could be packed and transported was put on its way. This &#8222;mobile kashrut&#8220; connected Jewish communities throughout the monarchy, but also individuals \u2013 for example, in relation to ritual purity and observance.<\/p>\n\n\n\n<p class=\"has-theme-palette-8-background-color has-background has-small-font-size\"><strong><strong><strong>The &#8222;Office&#8220; Keeping Jewish Records in Galicia \u2013 between the State and the Jewish Community<\/strong><\/strong><\/strong><br><strong><strong>dr. Ma\u0142gorzata \u015ali\u017c-Marciniec<\/strong><\/strong> | Poland<br><br>The speech aims to present the situation of officials keeping vital records for Jews in Galicia, based on the provisions of the regulation of the Ministry of Religious Affairs and Education of March 15, 1875. The tasks, requirements and rights of this particular group of Jewish functionaries will be discussed.<\/p>\n\n\n\n<p>10:30\u201311:00 Coffee break<\/p>\n\n\n\n<p class=\"has-md-font-size\">11:00\u201312:00 <strong>Territorial Diversity of Jewish Communities<\/strong><\/p>\n\n\n\n<p class=\"has-theme-palette-8-background-color has-background has-small-font-size\"><strong>Kehila, Jewish Self-Government in the Pale of Settlement<\/strong><br><strong>Mgr. Kristina Mikhalek<\/strong> | Charles University, Prague<br><br>Kehila, in the broader sense a community, in the more common sense a form of self-government in 16th-18th century Poland and later in the Russia between 1772-1844. The term refers to the rule of the Jewish community, which was the mediator between it and the authorities.<\/p>\n\n\n\n<p class=\"has-theme-palette-8-background-color has-background has-small-font-size\"><strong>Jewish Communities in the Kingdom of Croatia and Slavonia from the Croatian-Hungarian Settlement to the End of Austrian-Hungarian Monarchy<\/strong><br><strong>Dr.sc. Ljiljana Dobrov\u0161ak<\/strong> | Institute of the social sciences Ivo Pilar, Zagreb, Croatia<br><br>The lecture will discuss the activities of Jewish communities in Croatia in the period 1868 &#8211; 1918, their cooperation with Croatian institutions, internal conflicts, and the attempt to establish the Union of Jewish Communities in Croatia and Slavonia, which until 1918, due to disagreements among the Jewish community leadership in Zagreb, was not established. Until 1918, more than thirty Jewish communities (Jewish religious communities) were established on the Kingdom of Croatia and Slavonia\u2019s (without Dalmatia) territory.<\/p>\n\n\n\n<p>12:00\u201313:30 Lunch break<\/p>\n\n\n\n<p>13:30\u201315:00 <strong><strong>Cultural and Ethnic Diversity of Jewish Communities (II)<\/strong><\/strong><\/p>\n\n\n\n<p class=\"has-theme-palette-8-background-color has-background has-small-font-size\"><strong>Tombstones, Stonemasons, and Mental Maps: Jewish Graveyard Networks in Croatia and Beyond<\/strong><br><strong>Dr. Vladimir Levin<\/strong> | Center for Jewish Art, Hebrew University of Jerusalem<br><br>The paper proposes a methodology for understanding the business networks and mental maps of Jewish and non-Jewish communities in central and eastern Europe from the late nineteenth and the first half of the twentieth centuries. The methodology is based on scrupulous documentation of Jewish tombstones, especially the signatures of stonemasons.<\/p>\n\n\n\n<p class=\"has-theme-palette-8-background-color has-background has-small-font-size\"><strong><strong><strong><strong>Out of the Country and into the City. Reform Rabbis and the Jewish Emancipation in Bamberg and Basel<\/strong><\/strong><\/strong><\/strong><br><strong>Moritz Bauerfeind<\/strong> | University of Basel, Switzerland<br><br>Focal points of my studies are on the Rabbi of H\u00e9genheim, Mo\u00efse Nordmann (1809-1884) and on Samson Wolf Rosenfeld (~1780-1862), Rabbi of Bamberg, particularly on their written works and public appearances. I argue that these two proponents of Jewish reform are overlooked but nonetheless important figures who gained notoriety far beyond their own communities. In a comparative study I am aiming to show how vibrant and fruitful the discourse about Emancipation and Civil rights was fought at the peripheries and in the countryside.<\/p>\n\n\n\n<p class=\"has-theme-palette-8-background-color has-background has-small-font-size\"><strong><strong>Leading Elites in the City or Mocked Victims of Bullying in the Countryside? Moravian Jewry prior to World War I<\/strong><\/strong><br><strong>Mgr. Ivan Pu\u0161, Ph.D.<\/strong> | Palack\u00fd University Olomouc<br><br>Social and cultural differences between Moravian Jews impacted the external image of them. The thinking and actions of the most population was then influenced by politicians and nationalist activists. Through the analysis of the Moravian Diet\u2019s sources and others, images of Moravian Jews will be analyzed and compared.<\/p>\n\n\n\n<p>15:00\u201315:30 Coffee break<\/p>\n\n\n\n<p>15:30\u201316:30 <strong><strong><strong>Cultural and Ethnic Diversity of Jewish Communities (III)<\/strong><\/strong><\/strong><\/p>\n\n\n\n<p class=\"has-theme-palette-8-background-color has-background has-small-font-size\"><strong><strong>Max Pleschner (1870-1932): &#8222;I Would Like the Czech Nation to be Proud of its Jews&#8220;<\/strong><\/strong><br><strong>Mgr. Maeva Berghmans<\/strong> | Palack\u00fd University Olomouc, Czechia<br><br>Max Pleschner (1870-1932) founded the economic daily newspaper Tribuna and co-edited it until 1928. Through published and manuscript sources, his life and work from 1900 until his death can be summarized through the following perspective: how did he contribute to the Czech-Jewish community in the Czech lands and in Czechoslovakia?<\/p>\n\n\n\n<p class=\"has-theme-palette-8-background-color has-background has-small-font-size\"><strong><strong>Kehilla and Zionism in Hungary in the 1930s<\/strong><\/strong><br><strong>Dr. Attila Novak<\/strong> | National University for Public Service, Hungary<br><br>The lecture deals with the relationship between the Hungarian religious communities (especially the Budapest Neologue) and the Zionist movement in the 1930s, which was not without conflict.<\/p>\n\n\n\n<p>16:30\u201317:00 Conference closing<\/p>\n<\/div><\/div>\n<\/div><\/div><\/div>\n","protected":false},"excerpt":{"rendered":"<p>Download PDF version<\/p>\n","protected":false},"author":1,"featured_media":1662,"parent":0,"menu_order":0,"comment_status":"closed","ping_status":"closed","template":"","meta":{"_EventAllDay":false,"_EventTimezone":"","_EventStartDate":"","_EventEndDate":"","_EventStartDateUTC":"","_EventEndDateUTC":"","_EventShowMap":false,"_EventShowMapLink":false,"_EventURL":"","_EventCost":"","_EventCostDescription":"","_EventCurrencySymbol":"","_EventCurrencyCode":"","_EventCurrencyPosition":"","_EventDateTimeSeparator":"","_EventTimeRangeSeparator":"","_EventOrganizerID":[],"_EventVenueID":[],"_OrganizerEmail":"","_OrganizerPhone":"","_OrganizerWebsite":"","_VenueAddress":"","_VenueCity":"","_VenueCountry":"","_VenueProvince":"","_VenueState":"","_VenueZip":"","_VenuePhone":"","_VenueURL":"","_VenueStateProvince":"","_VenueLat":"","_VenueLng":"","_VenueShowMap":false,"_VenueShowMapLink":false,"_kad_post_transparent":"","_kad_post_title":"","_kad_post_layout":"","_kad_post_sidebar_id":"","_kad_post_content_style":"","_kad_post_vertical_padding":"","_kad_post_feature":"","_kad_post_feature_position":"","_kad_post_header":false,"_kad_post_footer":false,"footnotes":""},"class_list":["post-1646","page","type-page","status-publish","has-post-thumbnail","hentry"],"_links":{"self":[{"href":"https:\/\/www.kehillot.eu\/index.php\/wp-json\/wp\/v2\/pages\/1646","targetHints":{"allow":["GET"]}}],"collection":[{"href":"https:\/\/www.kehillot.eu\/index.php\/wp-json\/wp\/v2\/pages"}],"about":[{"href":"https:\/\/www.kehillot.eu\/index.php\/wp-json\/wp\/v2\/types\/page"}],"author":[{"embeddable":true,"href":"https:\/\/www.kehillot.eu\/index.php\/wp-json\/wp\/v2\/users\/1"}],"replies":[{"embeddable":true,"href":"https:\/\/www.kehillot.eu\/index.php\/wp-json\/wp\/v2\/comments?post=1646"}],"version-history":[{"count":53,"href":"https:\/\/www.kehillot.eu\/index.php\/wp-json\/wp\/v2\/pages\/1646\/revisions"}],"predecessor-version":[{"id":1741,"href":"https:\/\/www.kehillot.eu\/index.php\/wp-json\/wp\/v2\/pages\/1646\/revisions\/1741"}],"wp:featuredmedia":[{"embeddable":true,"href":"https:\/\/www.kehillot.eu\/index.php\/wp-json\/wp\/v2\/media\/1662"}],"wp:attachment":[{"href":"https:\/\/www.kehillot.eu\/index.php\/wp-json\/wp\/v2\/media?parent=1646"}],"curies":[{"name":"wp","href":"https:\/\/api.w.org\/{rel}","templated":true}]}}